{"id":2622,"date":"2026-05-12T12:49:10","date_gmt":"2026-05-12T10:49:10","guid":{"rendered":"https:\/\/www.equilibrio-pully.ch\/?page_id=2622"},"modified":"2026-05-12T12:49:10","modified_gmt":"2026-05-12T10:49:10","slug":"nuestro-equipo","status":"publish","type":"page","link":"https:\/\/www.equilibrio-pully.ch\/es\/nuestro-equipo\/","title":{"rendered":"Nuestro Equipo"},"content":{"rendered":"\n<section class=\"wp-block-uagb-section uagb-section__wrap uagb-section__background-image uagb-block-7e57c0da\"><div class=\"uagb-section__overlay\"><\/div><div class=\"uagb-section__inner-wrap\">\n<div class=\"wp-block-uagb-advanced-heading uagb-block-7b6b333e\" id=\"uagb-adv-heading-271b994f-d6bd-4e15-8a80-8c2f84dae6fb\"><h1 class=\"uagb-heading-text\">Nuestro Equipo<\/h1><\/div>\n<\/div><\/section>\n\n<section class=\"wp-block-uagb-section uagb-section__wrap uagb-section__background-none uagb-block-7a10239a\"><div class=\"uagb-section__overlay\"><\/div><div class=\"uagb-section__inner-wrap\">\n<div class=\"wp-block-columns has-3-columns is-layout-flex wp-container-core-columns-is-layout-28f84493 wp-block-columns-is-layout-flex\">\n<div class=\"wp-block-column is-layout-flow wp-block-column-is-layout-flow\">\n<section class=\"wp-block-uagb-section uagb-section__wrap uagb-section__background-color uagb-block-5a437673 text-center\"><div class=\"uagb-section__overlay\"><\/div><div class=\"uagb-section__inner-wrap\">\n<div class=\"wp-block-uagb-info-box uagb-block-ffd0d704 uagb-infobox__content-wrap  uagb-infobox-icon-above-title uagb-infobox-image-valign-top zoom\"><div class=\"uagb-ifb-content\"><div class=\"uagb-ifb-image-content\"><img decoding=\"async\" src=\"https:\/\/www.equilibrio-pully.ch\/wp-content\/uploads\/2024\/05\/photo_Diana-033-300x300.jpg\" alt=\"\" width=\"300\" height=\"300\" loading=\"lazy\"\/><\/div><div class=\"uagb-ifb-title-wrap\"><h4 class=\"uagb-ifb-title\">Diana D\u00e1vila <\/h4><\/div><div class=\"uagb-ifb-separator\"><\/div><p class=\"uagb-ifb-desc\">Fisioterapeuta responsable y fundadora<\/p><\/div><\/div>\n\n\n\n<p>Physioth\u00e9rapeute et ost\u00e9opathe sp\u00e9cialis\u00e9e en s\u00e9nologie, j\u2019exerce exclusivement dans l\u2019accompagnement du cancer du sein et des effets secondaires des traitements oncologiques.<\/p>\n\n\n\n<p>Physioth\u00e9rapeute dipl\u00f4m\u00e9e de l\u2019Universit\u00e9 Centrale de l\u2019\u00c9quateur (1995), avec reconnaissance Croix-Rouge suisse, puis ost\u00e9opathe dipl\u00f4m\u00e9e PHYO (1999), reconnue CDS (Conf\u00e9rence des directrices et directeurs cantonaux de la sant\u00e9), mon parcours s\u2019est construit autour de la pratique clinique et de la r\u00e9\u00e9ducation.<\/p>\n\n\n\n<div data-wp-context=\"{ &quot;autoclose&quot;: false, &quot;accordionItems&quot;: [] }\" data-wp-interactive=\"core\/accordion\" role=\"group\" class=\"wp-block-accordion is-layout-flow wp-block-accordion-is-layout-flow\">\n<div data-wp-class--is-open=\"state.isOpen\" data-wp-context=\"{ &quot;id&quot;: &quot;accordion-item-1&quot;, &quot;openByDefault&quot;: false }\" data-wp-init=\"callbacks.initAccordionItems\" data-wp-on-window--hashchange=\"callbacks.hashChange\" class=\"wp-block-accordion-item is-layout-flow wp-block-accordion-item-is-layout-flow\">\n<h4 class=\"wp-block-accordion-heading has-ast-global-color-8-color has-white-background-color has-text-color has-background has-link-color has-small-font-size wp-elements-e7876c2fbbd16f4706fd90d349f07184\"><button aria-expanded=\"false\" aria-controls=\"accordion-item-1-panel\" data-wp-bind--aria-expanded=\"state.isOpen\" data-wp-on--click=\"actions.toggle\" data-wp-on--keydown=\"actions.handleKeyDown\" id=\"accordion-item-1\" class=\"wp-block-accordion-heading__toggle\" type=\"button\"><span class=\"wp-block-accordion-heading__toggle-title\">Saber m\u00e0s<\/span><\/button><\/h4><br>&nbsp;\n\n\n\n<div inert aria-labelledby=\"accordion-item-1\" data-wp-bind--inert=\"!state.isOpen\" id=\"accordion-item-1-panel\" role=\"region\" class=\"wp-block-accordion-panel is-layout-flow wp-block-accordion-panel-is-layout-flow\">\n<p>Je me suis ensuite sp\u00e9cialis\u00e9e en lymphologie (1998), puis en pelvip\u00e9rin\u00e9ologie (CAS, UNIL, 2005), en angiologie (CAS, SUPSI\u2013CHUV, 2021) et en s\u00e9nologie avec une sp\u00e9cialisation en prise en charge du cancer du sein (Universit\u00e9 de Nantes, 2022).<\/p>\n\n\n\n<p>J\u2019ai compl\u00e9t\u00e9 cette orientation par un CAS en psycho-oncologie (UNIL\u2013CHUV, 2024), un DU en photobiomodulation dans les soins de support oncologiques (Universit\u00e9 Paris-Saclay \u2013 Institut Gustave Roussy, 2024), ainsi qu\u2019un CAS en accompagnement spirituel (Universit\u00e9 de Neuch\u00e2tel, 2014).<\/p>\n<\/div>\n<\/div>\n<\/div>\n<\/div><\/section>\n<\/div>\n\n\n\n<div class=\"wp-block-column is-layout-flow wp-block-column-is-layout-flow\">\n<section class=\"wp-block-uagb-section uagb-section__wrap uagb-section__background-color uagb-block-ee445557 text-center uag-hide-desktop uag-hide-tab uag-hide-mob\"><div class=\"uagb-section__overlay\"><\/div><div class=\"uagb-section__inner-wrap\">\n<div class=\"wp-block-uagb-info-box uagb-block-4a9416ed uagb-infobox__content-wrap  uagb-infobox-icon-above-title uagb-infobox-image-valign-top zoom\"><div class=\"uagb-ifb-content\"><div class=\"uagb-ifb-image-content\"><img decoding=\"async\" src=\"https:\/\/www.equilibrio-pully.ch\/wp-content\/uploads\/2026\/04\/philippine-2-300x300.jpg\" alt=\"Philippine Samson\" width=\"300\" height=\"300\" loading=\"lazy\"\/><\/div><div class=\"uagb-ifb-title-wrap\"><h4 class=\"uagb-ifb-title\">Philippine Samson <\/h4><\/div><div class=\"uagb-ifb-separator\"><\/div><p class=\"uagb-ifb-desc\">Fisioterapeuta<\/p><\/div><\/div>\n\n\n\n<p>Fisioterapeuta<\/p>\n\n\n\n<p>Masajista y fisioterapeuta<\/p>\n\n\n\n<div data-wp-context=\"{ &quot;autoclose&quot;: false, &quot;accordionItems&quot;: [] }\" data-wp-interactive=\"core\/accordion\" role=\"group\" class=\"wp-block-accordion is-layout-flow wp-block-accordion-is-layout-flow\">\n<div data-wp-class--is-open=\"state.isOpen\" data-wp-context=\"{ &quot;id&quot;: &quot;accordion-item-2&quot;, &quot;openByDefault&quot;: false }\" data-wp-init=\"callbacks.initAccordionItems\" data-wp-on-window--hashchange=\"callbacks.hashChange\" class=\"wp-block-accordion-item is-layout-flow wp-block-accordion-item-is-layout-flow\">\n<h4 class=\"wp-block-accordion-heading has-ast-global-color-8-color has-white-background-color has-text-color has-background has-link-color has-small-font-size wp-elements-e7876c2fbbd16f4706fd90d349f07184\"><button aria-expanded=\"false\" aria-controls=\"accordion-item-2-panel\" data-wp-bind--aria-expanded=\"state.isOpen\" data-wp-on--click=\"actions.toggle\" data-wp-on--keydown=\"actions.handleKeyDown\" id=\"accordion-item-2\" class=\"wp-block-accordion-heading__toggle\" type=\"button\"><span class=\"wp-block-accordion-heading__toggle-title\">Saber m\u00e0s<\/span><\/button><\/h4><br>&nbsp;\n\n\n\n<div inert aria-labelledby=\"accordion-item-2\" data-wp-bind--inert=\"!state.isOpen\" id=\"accordion-item-2-panel\" role=\"region\" class=\"wp-block-accordion-panel is-layout-flow wp-block-accordion-panel-is-layout-flow\">\n<p>Curso sobre el \u00abParkinson\u00bb, 2025<\/p>\n\n\n\n<p>Curso de formaci\u00f3n \u00abEl fisioterapeuta en cuidados intensivos\u00bb, 2024<\/p>\n\n\n\n<p>T\u00edtulo de fisioterapeuta, 2024<\/p>\n\n\n\n<p>Estudios de fisioterapia | IFMK Saint Michel, Par\u00eds, 2024<\/p>\n<\/div>\n<\/div>\n<\/div>\n<\/div><\/section>\n<\/div>\n<\/div>\n<\/div><\/section>\n\n<section class=\"wp-block-uagb-section uagb-section__wrap uagb-section__background-none uagb-block-255bbda7\"><div class=\"uagb-section__overlay\"><\/div><div class=\"uagb-section__inner-wrap\">\n<div class=\"wp-block-columns has-3-columns is-layout-flex wp-container-core-columns-is-layout-28f84493 wp-block-columns-is-layout-flex\">\n<div class=\"wp-block-column is-layout-flow wp-block-column-is-layout-flow\">\n<section class=\"wp-block-uagb-section uagb-section__wrap uagb-section__background-color uagb-block-418c964e text-center\"><div class=\"uagb-section__overlay\"><\/div><div class=\"uagb-section__inner-wrap\">\n<div class=\"wp-block-uagb-info-box uagb-block-00941e19 uagb-infobox__content-wrap  uagb-infobox-icon-above-title uagb-infobox-image-valign-top zoom\"><div class=\"uagb-ifb-content\"><div class=\"uagb-ifb-image-content\"><img decoding=\"async\" src=\"https:\/\/www.equilibrio-pully.ch\/wp-content\/uploads\/2020\/04\/milvia-gilbert-velasquez-1-300x300.jpg\" alt=\"\" width=\"300\" height=\"300\" loading=\"lazy\"\/><\/div><div class=\"uagb-ifb-title-wrap\"><h4 class=\"uagb-ifb-title\"> Milvia Gilbert  <\/h4><\/div><div class=\"uagb-ifb-separator\"><\/div><p class=\"uagb-ifb-desc\">Secretaria recepcionista<\/p><\/div><\/div>\n\n\n\n<p>Secretaria m\u00e9dica, Escuela Minerva, Suiza, 2022.<\/p>\n\n\n\n<p>Formaci\u00f3n en asistencia y cuidado de ni\u00f1os desde sus primeros d\u00edas de vida. (2018)  FORMABILIS Le-Mont-sur-Lausanne, Suiza.<\/p>\n\n\n\n<p>Formaci\u00f3n en la Cruz Roja  Suiza en el acompa\u00f1amiento de las personas al final de vida (2013 \u2013 2015)<\/p>\n\n\n\n<p>Formaci\u00f3n de Secretaria  Comercial en el Instituto Americano (Guatemala 1990)<\/p>\n\n\n\n<div data-wp-context=\"{ &quot;autoclose&quot;: false, &quot;accordionItems&quot;: [] }\" data-wp-interactive=\"core\/accordion\" role=\"group\" class=\"wp-block-accordion is-layout-flow wp-block-accordion-is-layout-flow\">\n<div data-wp-class--is-open=\"state.isOpen\" data-wp-context=\"{ &quot;id&quot;: &quot;accordion-item-3&quot;, &quot;openByDefault&quot;: false }\" data-wp-init=\"callbacks.initAccordionItems\" data-wp-on-window--hashchange=\"callbacks.hashChange\" class=\"wp-block-accordion-item is-layout-flow wp-block-accordion-item-is-layout-flow\">\n<h4 class=\"wp-block-accordion-heading has-ast-global-color-8-color has-white-background-color has-text-color has-background has-link-color has-small-font-size wp-elements-e7876c2fbbd16f4706fd90d349f07184\"><button aria-expanded=\"false\" aria-controls=\"accordion-item-3-panel\" data-wp-bind--aria-expanded=\"state.isOpen\" data-wp-on--click=\"actions.toggle\" data-wp-on--keydown=\"actions.handleKeyDown\" id=\"accordion-item-3\" class=\"wp-block-accordion-heading__toggle\" type=\"button\"><span class=\"wp-block-accordion-heading__toggle-title\">Saber m\u00e0s<\/span><\/button><\/h4><br>&nbsp;\n\n\n\n<div inert aria-labelledby=\"accordion-item-3\" data-wp-bind--inert=\"!state.isOpen\" id=\"accordion-item-3-panel\" role=\"region\" class=\"wp-block-accordion-panel is-layout-flow wp-block-accordion-panel-is-layout-flow\">\n<p>Formaci\u00f3n en cuidados de reestructuraci\u00f3n,<br\/>Palliatif Vaud, mayo de 2023.<\/p>\n\n\n\n<p>Milvia estar\u00e1 encantada de recibirles con una c\u00e1lida bienvenida tanto en recepci\u00f3n como por tel\u00e9fono.<\/p>\n<\/div>\n<\/div>\n<\/div>\n<\/div><\/section>\n<\/div>\n\n\n\n<div class=\"wp-block-column is-layout-flow wp-block-column-is-layout-flow\">\n<section class=\"wp-block-uagb-section uagb-section__wrap uagb-section__background-color uagb-block-e34d9e5e text-center\"><div class=\"uagb-section__overlay\"><\/div><div class=\"uagb-section__inner-wrap\">\n<div class=\"wp-block-uagb-info-box uagb-block-1700eed6 uagb-infobox__content-wrap  uagb-infobox-icon-above-title uagb-infobox-image-valign-top zoom\"><div class=\"uagb-ifb-content\"><div class=\"uagb-ifb-image-content\"><img decoding=\"async\" src=\"https:\/\/www.equilibrio-pully.ch\/wp-content\/uploads\/2023\/06\/photo-Frank-55-279x300.jpg\" alt=\"\" width=\"279\" height=\"300\" loading=\"lazy\"\/><\/div><div class=\"uagb-ifb-title-wrap\"><h4 class=\"uagb-ifb-title\"> Frank Ulrich  <\/h4><\/div><div class=\"uagb-ifb-separator\"><\/div><p class=\"uagb-ifb-desc\">Terapeuta linf\u00e1tico<br\/>M\u00e1ster en Ciencias del Deporte<\/p><\/div><\/div>\n\n\n\n<p>Titulado en Drenaje Linf\u00e1tico Manual Terap\u00e9utico seg\u00fan los m\u00e9todos de Vodder y F\u00f6ldi, y con los conocimientos m\u00e1s recientes gracias a la linfofluoroscopia<br\/>Centro de Formaci\u00f3n en Drenaje Linf\u00e1tico Manual, Suiza, 2023<\/p>\n\n\n\n<p>Masajista formado en el m\u00e9todo terap\u00e9utico \u00abMasaje Cl\u00e1sico\u00bb,<br\/>Escuela de Terapias Complementarias y Medicina Alternativa (TCMA), Ginebra, 2021\/22<\/p>\n\n\n\n<p>M\u00e1ster universitario<br\/>Educaci\u00f3n f\u00edsica y ciencias del deporte<br\/>Universidad Alemana del Deporte de Colonia, Alemania, 1996<\/p>\n\n\n\n<p>Certificado por ASCA y con el sello RME<\/p>\n\n\n\n<div data-wp-context=\"{ &quot;autoclose&quot;: false, &quot;accordionItems&quot;: [] }\" data-wp-interactive=\"core\/accordion\" role=\"group\" class=\"wp-block-accordion is-layout-flow wp-block-accordion-is-layout-flow\">\n<div data-wp-class--is-open=\"state.isOpen\" data-wp-context=\"{ &quot;id&quot;: &quot;accordion-item-4&quot;, &quot;openByDefault&quot;: false }\" data-wp-init=\"callbacks.initAccordionItems\" data-wp-on-window--hashchange=\"callbacks.hashChange\" class=\"wp-block-accordion-item is-layout-flow wp-block-accordion-item-is-layout-flow\">\n<h4 class=\"wp-block-accordion-heading has-ast-global-color-8-color has-white-background-color has-text-color has-background has-link-color has-small-font-size wp-elements-e7876c2fbbd16f4706fd90d349f07184\"><button aria-expanded=\"false\" aria-controls=\"accordion-item-4-panel\" data-wp-bind--aria-expanded=\"state.isOpen\" data-wp-on--click=\"actions.toggle\" data-wp-on--keydown=\"actions.handleKeyDown\" id=\"accordion-item-4\" class=\"wp-block-accordion-heading__toggle\" type=\"button\"><span class=\"wp-block-accordion-heading__toggle-title\">Saber m\u00e0s<\/span><\/button><\/h4><br>&nbsp;\n\n\n\n<div inert aria-labelledby=\"accordion-item-4\" data-wp-bind--inert=\"!state.isOpen\" id=\"accordion-item-4-panel\" role=\"region\" class=\"wp-block-accordion-panel is-layout-flow wp-block-accordion-panel-is-layout-flow\">\n<p>Certificado en NRT seg\u00fan W. Froneberg (Terapia de las zonas reflejas de los nervios), Centro de Formaci\u00f3n en Neuroterapia Manual (MNT),<br\/>San Galo y Aquisgr\u00e1n, 2024\/25<\/p>\n\n\n\n<p>Diploma en reflexolog\u00eda podal<br\/>Atlas &amp; Bien-Etre, Lausana, 2024<\/p>\n\n\n\n<p>Certificado en rehabilitaci\u00f3n vascular para pacientes con arteriop<\/p>\n\n\n\n<p>T\u00edtulo en Terapia Deportiva y del Movimiento, con especializaci\u00f3n en oncolog\u00eda, Inselspital \/ Universidad de Berna, 2021<\/p>\n<\/div>\n<\/div>\n<\/div>\n<\/div><\/section>\n<\/div>\n<\/div>\n\n\n\n<div style=\"height:50px\" aria-hidden=\"true\" class=\"wp-block-spacer\"><\/div>\n<\/div><\/section>\n","protected":false},"excerpt":{"rendered":"","protected":false},"author":1,"featured_media":0,"parent":0,"menu_order":0,"comment_status":"closed","ping_status":"closed","template":"","meta":{"_uag_custom_page_level_css":"","site-sidebar-layout":"no-sidebar","site-content-layout":"page-builder","ast-site-content-layout":"full-width-container","site-content-style":"unboxed","site-sidebar-style":"unboxed","ast-global-header-display":"","ast-banner-title-visibility":"","ast-main-header-display":"","ast-hfb-above-header-display":"","ast-hfb-below-header-display":"","ast-hfb-mobile-header-display":"","site-post-title":"disabled","ast-breadcrumbs-content":"","ast-featured-img":"disabled","footer-sml-layout":"","ast-disable-related-posts":"","theme-transparent-header-meta":"enabled","adv-header-id-meta":"","stick-header-meta":"","header-above-stick-meta":"","header-main-stick-meta":"","header-below-stick-meta":"","astra-migrate-meta-layouts":"default","ast-page-background-enabled":"default","ast-page-background-meta":{"desktop":{"background-color":"","background-image":"","background-repeat":"repeat","background-position":"center center","background-size":"auto","background-attachment":"scroll","background-type":"","background-media":"","overlay-type":"","overlay-color":"","overlay-opacity":"","overlay-gradient":""},"tablet":{"background-color":"","background-image":"","background-repeat":"repeat","background-position":"center center","background-size":"auto","background-attachment":"scroll","background-type":"","background-media":"","overlay-type":"","overlay-color":"","overlay-opacity":"","overlay-gradient":""},"mobile":{"background-color":"","background-image":"","background-repeat":"repeat","background-position":"center center","background-size":"auto","background-attachment":"scroll","background-type":"","background-media":"","overlay-type":"","overlay-color":"","overlay-opacity":"","overlay-gradient":""}},"ast-content-background-meta":{"desktop":{"background-color":"var(--ast-global-color-5)","background-image":"","background-repeat":"repeat","background-position":"center center","background-size":"auto","background-attachment":"scroll","background-type":"","background-media":"","overlay-type":"","overlay-color":"","overlay-opacity":"","overlay-gradient":""},"tablet":{"background-color":"var(--ast-global-color-5)","background-image":"","background-repeat":"repeat","background-position":"center center","background-size":"auto","background-attachment":"scroll","background-type":"","background-media":"","overlay-type":"","overlay-color":"","overlay-opacity":"","overlay-gradient":""},"mobile":{"background-color":"var(--ast-global-color-5)","background-image":"","background-repeat":"repeat","background-position":"center center","background-size":"auto","background-attachment":"scroll","background-type":"","background-media":"","overlay-type":"","overlay-color":"","overlay-opacity":"","overlay-gradient":""}},"footnotes":""},"class_list":["post-2622","page","type-page","status-publish","hentry"],"uagb_featured_image_src":{"full":false,"thumbnail":false,"medium":false,"medium_large":false,"large":false,"1536x1536":false,"2048x2048":false},"uagb_author_info":{"display_name":"OGSweb","author_link":"https:\/\/www.equilibrio-pully.ch\/es\/author\/ogsweb\/"},"uagb_comment_info":0,"uagb_excerpt":null,"_links":{"self":[{"href":"https:\/\/www.equilibrio-pully.ch\/es\/wp-json\/wp\/v2\/pages\/2622","targetHints":{"allow":["GET"]}}],"collection":[{"href":"https:\/\/www.equilibrio-pully.ch\/es\/wp-json\/wp\/v2\/pages"}],"about":[{"href":"https:\/\/www.equilibrio-pully.ch\/es\/wp-json\/wp\/v2\/types\/page"}],"author":[{"embeddable":true,"href":"https:\/\/www.equilibrio-pully.ch\/es\/wp-json\/wp\/v2\/users\/1"}],"replies":[{"embeddable":true,"href":"https:\/\/www.equilibrio-pully.ch\/es\/wp-json\/wp\/v2\/comments?post=2622"}],"version-history":[{"count":1,"href":"https:\/\/www.equilibrio-pully.ch\/es\/wp-json\/wp\/v2\/pages\/2622\/revisions"}],"predecessor-version":[{"id":2624,"href":"https:\/\/www.equilibrio-pully.ch\/es\/wp-json\/wp\/v2\/pages\/2622\/revisions\/2624"}],"wp:attachment":[{"href":"https:\/\/www.equilibrio-pully.ch\/es\/wp-json\/wp\/v2\/media?parent=2622"}],"curies":[{"name":"wp","href":"https:\/\/api.w.org\/{rel}","templated":true}]}}