{"id":2466,"date":"2026-04-28T20:37:13","date_gmt":"2026-04-28T18:37:13","guid":{"rendered":"https:\/\/www.equilibrio-pully.ch\/?page_id=2466"},"modified":"2026-04-28T21:30:05","modified_gmt":"2026-04-28T19:30:05","slug":"reflexologia","status":"publish","type":"page","link":"https:\/\/www.equilibrio-pully.ch\/es\/reflexologia\/","title":{"rendered":"Reflexolog\u00eda"},"content":{"rendered":"\n<section class=\"wp-block-uagb-section uagb-section__wrap uagb-section__background-image uagb-block-df5335ef\"><div class=\"uagb-section__overlay\"><\/div><div class=\"uagb-section__inner-wrap\">\n<div class=\"wp-block-uagb-advanced-heading uagb-block-f39fc4f6\" id=\"uagb-adv-heading-271b994f-d6bd-4e15-8a80-8c2f84dae6fb\"><h1 class=\"uagb-heading-text\"><strong>Reflexolog\u00eda podal<\/strong><\/h1><\/div>\n<\/div><\/section>\n\n<section class=\"wp-block-uagb-section uagb-section__wrap uagb-section__background-color uagb-block-75e26f28\"><div class=\"uagb-section__overlay\"><\/div><div class=\"uagb-section__inner-wrap\">\n<section class=\"wp-block-uagb-section uagb-section__wrap uagb-section__background-color uagb-block-4c68dd97\"><div class=\"uagb-section__overlay\"><\/div><div class=\"uagb-section__inner-wrap\">\n<div class=\"wp-block-uagb-info-box uagb-block-1ab73cd0 uagb-infobox__content-wrap  uagb-infobox-icon-above-title uagb-infobox-image-valign-top text-center\"><div class=\"uagb-ifb-content\"><div class=\"uagb-ifb-title-wrap\"><h3 class=\"uagb-ifb-title\">un m\u00e9todo terap\u00e9utico hol\u00edstico y complementario destinado a armonizar el cuerpo, la mente y el alma, activando al mismo tiempo las capacidades autocurativas del organismo<\/h3><\/div><div class=\"uagb-ifb-separator\"><\/div><p class=\"uagb-ifb-desc\">La reflexolog\u00eda podal se basa en el principio de que todo el cuerpo se refleja en los pies.<\/p><\/div><\/div>\n<\/div><\/section>\n\n\n\n<div class=\"wp-block-columns has-2-columns is-layout-flex wp-container-core-columns-is-layout-28f84493 wp-block-columns-is-layout-flex\">\n<div class=\"wp-block-column is-layout-flow wp-block-column-is-layout-flow\">\n<p>Este tratamiento tiene un efecto regulador sobre el sistema nervioso, favorece la circulaci\u00f3n sangu\u00ednea y favorece el libre flujo de energ\u00eda en el cuerpo. Libera tensiones y bloqueos, mejora las funciones org\u00e1nicas y estimula los procesos naturales de regeneraci\u00f3n.<\/p>\n\n\n\n<p>Uno de los principales objetivos de la reflexolog\u00eda podal es inducir una relajaci\u00f3n profunda. Esto ayuda a reducir el estr\u00e9s, reforzar el sistema inmunitario y mejorar la vitalidad y resistencia generales del organismo. Tambi\u00e9n puede favorecer los procesos de desintoxicaci\u00f3n y optimizar el aporte de nutrientes a las c\u00e9lulas.<\/p>\n<\/div>\n\n\n\n<div class=\"wp-block-column is-layout-flow wp-block-column-is-layout-flow\">\n<p>Este m\u00e9todo est\u00e1 indicado para una amplia gama de trastornos:<\/p>\n\n\n\n<ul class=\"wp-block-list\">\n<li>dolor de espalda y articulaciones<\/li>\n\n\n\n<li>tensiones musculares<\/li>\n\n\n\n<li>dolores de cabeza y migra\u00f1as<\/li>\n\n\n\n<li>problemas digestivos<\/li>\n\n\n\n<li>trastornos del sue\u00f1o y agotamiento<\/li>\n\n\n\n<li>desequilibrios hormonales<\/li>\n\n\n\n<li>estr\u00e9s y agitaci\u00f3n interior<\/li>\n\n\n\n<li>mayor susceptibilidad a las infecciones y alergias<\/li>\n\n\n\n<li>trastornos metab\u00f3licos<\/li>\n<\/ul>\n<\/div>\n<\/div>\n\n\n\n<section class=\"wp-block-uagb-section uagb-section__wrap uagb-section__background-color uagb-block-32c0de29\"><div class=\"uagb-section__overlay\"><\/div><div class=\"uagb-section__inner-wrap\">\n<p>La reflexolog\u00eda podal es igualmente adecuada para el tratamiento de trastornos agudos y cr\u00f3nicos y para la prevenci\u00f3n, como parte de un enfoque global de la promoci\u00f3n de la salud y el desarrollo personal.<\/p>\n\n\n\n<p>Cada tratamiento se adapta individualmente y es adecuado para personas de todas las edades.<\/p>\n\n\n\n<p>Existen otros enfoques terap\u00e9uticos, como la neuroterapia manual seg\u00fan Froneberg (NTM), en la que la reflexolog\u00eda desempe\u00f1a un papel importante. La neuroterapia manual de Froneberg se compone de tres m\u00e9todos distintos: la reflexoterapia podal, el masaje muscular y nervioso espec\u00edfico y la movilizaci\u00f3n articular modificada, todos ellos armonizados entre s\u00ed. El resultado se basa en un enfoque hol\u00edstico, que permite dar respuestas terap\u00e9uticas r\u00e1pidas a una amplia gama de trastornos. Esto da lugar a un concepto de tratamiento completo y vers\u00e1til, especialmente adecuado para los campos ortop\u00e9dico y neurol\u00f3gico.<\/p>\n\n\n\n<p>La reflexolog\u00eda podal no sustituye al asesoramiento m\u00e9dico y en ning\u00fan caso puede utilizarse para establecer un diagn\u00f3stico o modificar una prescripci\u00f3n m\u00e9dica.<\/p>\n\n\n\n<p>Precio: 120 CHF (135 CHF la primera sesi\u00f3n).<\/p>\n<\/div><\/section>\n<\/div><\/section>\n","protected":false},"excerpt":{"rendered":"","protected":false},"author":1,"featured_media":0,"parent":0,"menu_order":0,"comment_status":"closed","ping_status":"closed","template":"","meta":{"_uag_custom_page_level_css":"","site-sidebar-layout":"no-sidebar","site-content-layout":"page-builder","ast-site-content-layout":"default","site-content-style":"default","site-sidebar-style":"default","ast-global-header-display":"","ast-banner-title-visibility":"","ast-main-header-display":"","ast-hfb-above-header-display":"","ast-hfb-below-header-display":"","ast-hfb-mobile-header-display":"","site-post-title":"disabled","ast-breadcrumbs-content":"","ast-featured-img":"disabled","footer-sml-layout":"","ast-disable-related-posts":"","theme-transparent-header-meta":"enabled","adv-header-id-meta":"","stick-header-meta":"","header-above-stick-meta":"","header-main-stick-meta":"","header-below-stick-meta":"","astra-migrate-meta-layouts":"default","ast-page-background-enabled":"default","ast-page-background-meta":{"desktop":{"background-color":"","background-image":"","background-repeat":"repeat","background-position":"center center","background-size":"auto","background-attachment":"scroll","background-type":"","background-media":"","overlay-type":"","overlay-color":"","overlay-opacity":"","overlay-gradient":""},"tablet":{"background-color":"","background-image":"","background-repeat":"repeat","background-position":"center center","background-size":"auto","background-attachment":"scroll","background-type":"","background-media":"","overlay-type":"","overlay-color":"","overlay-opacity":"","overlay-gradient":""},"mobile":{"background-color":"","background-image":"","background-repeat":"repeat","background-position":"center center","background-size":"auto","background-attachment":"scroll","background-type":"","background-media":"","overlay-type":"","overlay-color":"","overlay-opacity":"","overlay-gradient":""}},"ast-content-background-meta":{"desktop":{"background-color":"var(--ast-global-color-5)","background-image":"","background-repeat":"repeat","background-position":"center center","background-size":"auto","background-attachment":"scroll","background-type":"","background-media":"","overlay-type":"","overlay-color":"","overlay-opacity":"","overlay-gradient":""},"tablet":{"background-color":"var(--ast-global-color-5)","background-image":"","background-repeat":"repeat","background-position":"center center","background-size":"auto","background-attachment":"scroll","background-type":"","background-media":"","overlay-type":"","overlay-color":"","overlay-opacity":"","overlay-gradient":""},"mobile":{"background-color":"var(--ast-global-color-5)","background-image":"","background-repeat":"repeat","background-position":"center center","background-size":"auto","background-attachment":"scroll","background-type":"","background-media":"","overlay-type":"","overlay-color":"","overlay-opacity":"","overlay-gradient":""}},"footnotes":""},"class_list":["post-2466","page","type-page","status-publish","hentry"],"uagb_featured_image_src":{"full":false,"thumbnail":false,"medium":false,"medium_large":false,"large":false,"1536x1536":false,"2048x2048":false},"uagb_author_info":{"display_name":"OGSweb","author_link":"https:\/\/www.equilibrio-pully.ch\/es\/author\/ogsweb\/"},"uagb_comment_info":0,"uagb_excerpt":null,"_links":{"self":[{"href":"https:\/\/www.equilibrio-pully.ch\/es\/wp-json\/wp\/v2\/pages\/2466","targetHints":{"allow":["GET"]}}],"collection":[{"href":"https:\/\/www.equilibrio-pully.ch\/es\/wp-json\/wp\/v2\/pages"}],"about":[{"href":"https:\/\/www.equilibrio-pully.ch\/es\/wp-json\/wp\/v2\/types\/page"}],"author":[{"embeddable":true,"href":"https:\/\/www.equilibrio-pully.ch\/es\/wp-json\/wp\/v2\/users\/1"}],"replies":[{"embeddable":true,"href":"https:\/\/www.equilibrio-pully.ch\/es\/wp-json\/wp\/v2\/comments?post=2466"}],"version-history":[{"count":5,"href":"https:\/\/www.equilibrio-pully.ch\/es\/wp-json\/wp\/v2\/pages\/2466\/revisions"}],"predecessor-version":[{"id":2522,"href":"https:\/\/www.equilibrio-pully.ch\/es\/wp-json\/wp\/v2\/pages\/2466\/revisions\/2522"}],"wp:attachment":[{"href":"https:\/\/www.equilibrio-pully.ch\/es\/wp-json\/wp\/v2\/media?parent=2466"}],"curies":[{"name":"wp","href":"https:\/\/api.w.org\/{rel}","templated":true}]}}