{"id":1859,"date":"2020-04-29T15:45:35","date_gmt":"2020-04-29T13:45:35","guid":{"rendered":"https:\/\/www.equilibrio-pully.ch\/?page_id=1859"},"modified":"2022-09-09T17:35:40","modified_gmt":"2022-09-09T15:35:40","slug":"massaje","status":"publish","type":"page","link":"https:\/\/www.equilibrio-pully.ch\/es\/massaje\/","title":{"rendered":"Masaje"},"content":{"rendered":"\n<section class=\"wp-block-uagb-section uagb-section__wrap uagb-section__background-image uagb-block-8fd71260\"><div class=\"uagb-section__overlay\"><\/div><div class=\"uagb-section__inner-wrap\">\n<div class=\"wp-block-uagb-advanced-heading uagb-block-ec24edd6\" id=\"uagb-adv-heading-271b994f-d6bd-4e15-8a80-8c2f84dae6fb\"><h1 class=\"uagb-heading-text\">Masaje<\/h1><\/div>\n<\/div><\/section>\n\n\n\n<section class=\"wp-block-uagb-section uagb-section__wrap uagb-section__background-color uagb-block-beb438cf\"><div class=\"uagb-section__overlay\"><\/div><div class=\"uagb-section__inner-wrap\">\n<section class=\"wp-block-uagb-section uagb-section__wrap uagb-section__background-color uagb-block-cc2c1f6c\"><div class=\"uagb-section__overlay\"><\/div><div class=\"uagb-section__inner-wrap\">\n<div class=\"wp-block-uagb-info-box uagb-block-6987a689 uagb-infobox__content-wrap  uagb-infobox-icon-above-title uagb-infobox-image-valign-top text-center\"><div class=\"uagb-ifb-content\"><div class=\"uagb-ifb-title-wrap\"><h3 class=\"uagb-ifb-title\">Masaje con aceites esenciales<\/h3><\/div><div class=\"uagb-ifb-separator\"><\/div><p class=\"uagb-ifb-desc\">El bienestar de la mente y el cuerpo<\/p><\/div><\/div>\n\n\n\n<p><\/p>\n<\/div><\/section>\n\n\n\n<div class=\"wp-container-3 wp-block-columns has-2-columns\">\n<div class=\"wp-container-1 wp-block-column\">\n<p>Los aceites esenciales son sustancias naturales vol\u00e1tiles que se evaporan f\u00e1cilmente, liberando su aroma en el aire, como cuando se frota una planta arom\u00e1tica al pasar.<\/p>\n\n\n\n<p>Las sensaciones olfativas tienen el poder de provocar reacciones afectivas instant\u00e1neas en nosotros, lo que les da un efecto inmediato en nuestro organismo. El olfato es probablemente, el m\u00e1s subestimado de nuestros sentidos, a pesar de la importancia que ocupa en nuestras vidas.<\/p>\n\n\n\n<p>Cuando las mol\u00e9culas arom\u00e1ticas llegan a los pulmones, son absorbidas por la sangre que las transporta a todas las partes del cuerpo. El mismo fen\u00f3meno ocurre cuando los componentes arom\u00e1ticos se aplican a la piel y se absorben en la sangre a trav\u00e9s de la piel.<\/p>\n<\/div>\n\n\n\n<div class=\"wp-container-2 wp-block-column\">\n<p>Cada esencia arom\u00e1tica contiene una combinaci\u00f3n particular de ingredientes activos que, en contacto con la qu\u00edmica del cuerpo, producen diferentes efectos terap\u00e9uticos:<\/p>\n\n\n\n<ul><li>Calma la ansiedad<\/li><li>Alivia el dolor de espalda<\/li><li>Tonifica la piel<\/li><li>Calma dolores de cabeza<\/li><li>Mejora el sue\u00f1o<\/li><li>Alivia las tensiones premenstruales<\/li><li>Alivia el estr\u00e9s<\/li><li>Facilita la digesti\u00f3n<\/li><li>Mejora la respiraci\u00f3n.<\/li><li>Tiene un efecto energizante y vigorizante.<\/li><\/ul>\n\n\n\n<p><\/p>\n<\/div>\n<\/div>\n\n\n\n<p>Trabajamos con aceites esenciales org\u00e1nicos cuidadosamente seleccionados para usted.<\/p>\n\n\n\n<p>El valor de la sesi\u00f3n es de 120 CHF (El precio de la primera sesi\u00f3n es de 135 CHF).<\/p>\n\n\n\n<div style=\"height:60px\" aria-hidden=\"true\" class=\"wp-block-spacer\"><\/div>\n\n\n\n<div class=\"wp-container-5 wp-block-columns\">\n<div class=\"wp-container-4 wp-block-column\"><\/div>\n<\/div>\n\n\n\n<p><\/p>\n<\/div><\/section>\n","protected":false},"excerpt":{"rendered":"","protected":false},"author":1,"featured_media":0,"parent":0,"menu_order":0,"comment_status":"closed","ping_status":"closed","template":"","meta":{"site-sidebar-layout":"no-sidebar","site-content-layout":"page-builder","ast-global-header-display":"","ast-main-header-display":"","ast-hfb-above-header-display":"","ast-hfb-below-header-display":"","ast-hfb-mobile-header-display":"","site-post-title":"disabled","ast-breadcrumbs-content":"","ast-featured-img":"disabled","footer-sml-layout":"","theme-transparent-header-meta":"enabled","adv-header-id-meta":"","stick-header-meta":"","header-above-stick-meta":"","header-main-stick-meta":"","header-below-stick-meta":""},"uagb_featured_image_src":{"full":false,"thumbnail":false,"medium":false,"medium_large":false,"large":false,"1536x1536":false,"2048x2048":false},"uagb_author_info":{"display_name":"OGSweb","author_link":"https:\/\/www.equilibrio-pully.ch\/es\/author\/ogsweb\/"},"uagb_comment_info":0,"uagb_excerpt":null,"_links":{"self":[{"href":"https:\/\/www.equilibrio-pully.ch\/es\/wp-json\/wp\/v2\/pages\/1859"}],"collection":[{"href":"https:\/\/www.equilibrio-pully.ch\/es\/wp-json\/wp\/v2\/pages"}],"about":[{"href":"https:\/\/www.equilibrio-pully.ch\/es\/wp-json\/wp\/v2\/types\/page"}],"author":[{"embeddable":true,"href":"https:\/\/www.equilibrio-pully.ch\/es\/wp-json\/wp\/v2\/users\/1"}],"replies":[{"embeddable":true,"href":"https:\/\/www.equilibrio-pully.ch\/es\/wp-json\/wp\/v2\/comments?post=1859"}],"version-history":[{"count":5,"href":"https:\/\/www.equilibrio-pully.ch\/es\/wp-json\/wp\/v2\/pages\/1859\/revisions"}],"predecessor-version":[{"id":2287,"href":"https:\/\/www.equilibrio-pully.ch\/es\/wp-json\/wp\/v2\/pages\/1859\/revisions\/2287"}],"wp:attachment":[{"href":"https:\/\/www.equilibrio-pully.ch\/es\/wp-json\/wp\/v2\/media?parent=1859"}],"curies":[{"name":"wp","href":"https:\/\/api.w.org\/{rel}","templated":true}]}}