{"id":1855,"date":"2020-04-29T15:17:48","date_gmt":"2020-04-29T13:17:48","guid":{"rendered":"https:\/\/www.equilibrio-pully.ch\/?page_id=1855"},"modified":"2021-07-06T12:52:24","modified_gmt":"2021-07-06T10:52:24","slug":"rehabilitacion-en-pelviperineologia","status":"publish","type":"page","link":"https:\/\/www.equilibrio-pully.ch\/es\/rehabilitacion-en-pelviperineologia\/","title":{"rendered":"Rehabilitaci\u00f3n en pelviperineolog\u00eda"},"content":{"rendered":"\n<section class=\"wp-block-uagb-section uagb-section__wrap uagb-section__background-image uagb-block-a1c9f2cb\"><div class=\"uagb-section__overlay\"><\/div><div class=\"uagb-section__inner-wrap\">\n<div class=\"wp-block-uagb-advanced-heading uagb-block-b18fb4b7\" id=\"uagb-adv-heading-271b994f-d6bd-4e15-8a80-8c2f84dae6fb\"><h1 class=\"uagb-heading-text\">REHABILITACI\u00d3N EN PELVIPERINEOLOG\u00cdA<\/h1><p class=\"uagb-desc-text\"><\/p><\/div>\n<\/div><\/section>\n\n\n\n<section class=\"wp-block-uagb-section uagb-section__wrap uagb-section__background-color uagb-block-d2d37bd0\"><div class=\"uagb-section__overlay\"><\/div><div class=\"uagb-section__inner-wrap\">\n<section class=\"wp-block-uagb-section uagb-section__wrap uagb-section__background-color uagb-block-2509fb8a\"><div class=\"uagb-section__overlay\"><\/div><div class=\"uagb-section__inner-wrap\">\n<div class=\"wp-block-uagb-info-box text-center uagb-infobox__outer-wrap uagb-block-d8e3109c\"><div class=\"uagb-infobox__content-wrap uagb-infobox uagb-infobox-has-icon uagb-infobox-icon-above-title uagb-infobox-image-valign-top uagb-infobox-enable-border-radius \"><div class=\"uagb-ifb-left-right-wrap\"><div class=\"uagb-ifb-content\"><div class=\"uagb-ifb-title-wrap\"><h3 class=\"uagb-ifb-title\">patolog\u00edas p\u00e9lvicas y perineales<\/h3><\/div><div class=\"uagb-ifb-separator-parent\"><div class=\"uagb-ifb-separator\"><\/div><\/div><div class=\"uagb-ifb-text-wrap\"><p class=\"uagb-ifb-desc\">La Pelviperineolog\u00eda se ocupa de la detecci\u00f3n y el tratamiento de las disfunciones relacionadas con los trastornos est\u00e1ticos p\u00e9lvicos.<\/p><\/div><\/div><\/div><\/div><\/div>\n\n\n\n<p><\/p>\n<\/div><\/section>\n\n\n\n<div class=\"wp-container-3 wp-block-columns has-2-columns\">\n<div class=\"wp-container-1 wp-block-column\">\n<h4>Ejes terap\u00e9uticos<\/h4>\n\n\n\n<ul><li>Incontinencia urinaria en mujeres.<\/li><li>Incontinencia urinaria en hombres con problemas asociados con la pr\u00f3stata.<\/li><li>P\u00e9rdida urinaria por incontinencia.<\/li><li>Prolapso (I &#8211; II grado)<\/li><li>Post parto<\/li><li>Incontinencia fecal<\/li><li>Estre\u00f1imiento<\/li><li>Trastornos de la funci\u00f3n sexual femenina: dispareunia (dolor durante las relaciones sexuales), vaginismo (contracci\u00f3n involuntaria de los m\u00fasculos del suelo p\u00e9lvico que hace imposible la penetraci\u00f3n), s\u00edndrome del nervio Pudendo (trastorno neurol\u00f3gico del nervio pudendo que causa dolor intenso, especialmente cuando est\u00e1 sentado).<\/li><\/ul>\n<\/div>\n\n\n\n<div class=\"wp-container-2 wp-block-column\">\n<h4>Primera sesi\u00f3n<\/h4>\n\n\n\n<p>La primera sesi\u00f3n tiene como objetivo hacer una anamnesis exhaustiva, as\u00ed como brindarle al paciente toda la informaci\u00f3n que necesita para comprender su dificultad y llevar a cabo con \u00e9xito su tratamiento. A partir de la segunda sesi\u00f3n se proceder\u00e1 el examen cl\u00ednico interno del suelo p\u00e9lvico.<br>De acuerdo a ello podemos ofrecerle:&nbsp;<\/p>\n\n\n\n<ul><li>Rehabilitaci\u00f3n manual<\/li><li>Rehabilitaci\u00f3n con electroestimulaci\u00f3n.<\/li><li>Preparar a los pacientes para el bloqueo perineal activo durante el ejercicio<\/li><li>Gimnasia abdominal y postural (introducci\u00f3n de Pilates)<\/li><li>Tratamiento del dolor de cicatrices.<\/li><li>Programa de ejercicios en el hogar y asesoramiento ergon\u00f3mico.<\/li><li>Si es necesario, ofrecemos una sesi\u00f3n de osteopat\u00eda, drenaje linf\u00e1tico, masaje con aceites esenciales.<\/li><\/ul>\n<\/div>\n<\/div>\n\n\n\n<hr class=\"wp-block-separator is-style-wide\"\/>\n\n\n\n<h4>Seguro<\/h4>\n\n\n\n<p>Una orden m\u00e9dica es necesaria para este tratamiento (orden de Fisioterapia para 6 o 9 sesiones emitidas por el ginec\u00f3logo, ur\u00f3logo, gastroenter\u00f3logo o m\u00e9dico tratante) para que el tratamiento sea reembolsado por su seguro m\u00e9dico de base LAMAL.<\/p>\n\n\n\n<p>El tratamiento de fisioterapia despu\u00e9s del parto es &nbsp;reembolsado por su seguro de base LAMAL &nbsp;al 100% hasta 8 semanas despu\u00e9s del parto. M\u00e1s all\u00e1 de este per\u00edodo, el reembolso se realiza de acuerdo con el contrato de su seguro.<\/p>\n\n\n\n<div style=\"height:30px\" aria-hidden=\"true\" class=\"wp-block-spacer\"><\/div>\n\n\n\n<div style=\"height:30px\" aria-hidden=\"true\" class=\"wp-block-spacer\"><\/div>\n\n\n\n<div class=\"wp-container-4 wp-block-columns text-center\"><\/div>\n<\/div><\/section>\n","protected":false},"excerpt":{"rendered":"","protected":false},"author":1,"featured_media":0,"parent":0,"menu_order":0,"comment_status":"closed","ping_status":"closed","template":"","meta":{"site-sidebar-layout":"no-sidebar","site-content-layout":"page-builder","ast-global-header-display":"","ast-main-header-display":"","ast-hfb-above-header-display":"","ast-hfb-below-header-display":"","ast-hfb-mobile-header-display":"","site-post-title":"disabled","ast-breadcrumbs-content":"","ast-featured-img":"disabled","footer-sml-layout":"","theme-transparent-header-meta":"enabled","adv-header-id-meta":"","stick-header-meta":"","header-above-stick-meta":"","header-main-stick-meta":"","header-below-stick-meta":""},"uagb_featured_image_src":{"full":false,"thumbnail":false,"medium":false,"medium_large":false,"large":false,"1536x1536":false,"2048x2048":false},"uagb_author_info":{"display_name":"OGSweb","author_link":"https:\/\/www.equilibrio-pully.ch\/es\/author\/ogsweb\/"},"uagb_comment_info":0,"uagb_excerpt":null,"_links":{"self":[{"href":"https:\/\/www.equilibrio-pully.ch\/es\/wp-json\/wp\/v2\/pages\/1855"}],"collection":[{"href":"https:\/\/www.equilibrio-pully.ch\/es\/wp-json\/wp\/v2\/pages"}],"about":[{"href":"https:\/\/www.equilibrio-pully.ch\/es\/wp-json\/wp\/v2\/types\/page"}],"author":[{"embeddable":true,"href":"https:\/\/www.equilibrio-pully.ch\/es\/wp-json\/wp\/v2\/users\/1"}],"replies":[{"embeddable":true,"href":"https:\/\/www.equilibrio-pully.ch\/es\/wp-json\/wp\/v2\/comments?post=1855"}],"version-history":[{"count":5,"href":"https:\/\/www.equilibrio-pully.ch\/es\/wp-json\/wp\/v2\/pages\/1855\/revisions"}],"predecessor-version":[{"id":2237,"href":"https:\/\/www.equilibrio-pully.ch\/es\/wp-json\/wp\/v2\/pages\/1855\/revisions\/2237"}],"wp:attachment":[{"href":"https:\/\/www.equilibrio-pully.ch\/es\/wp-json\/wp\/v2\/media?parent=1855"}],"curies":[{"name":"wp","href":"https:\/\/api.w.org\/{rel}","templated":true}]}}