{"id":1853,"date":"2020-04-29T15:10:55","date_gmt":"2020-04-29T13:10:55","guid":{"rendered":"https:\/\/www.equilibrio-pully.ch\/?page_id=1853"},"modified":"2026-05-08T15:51:27","modified_gmt":"2026-05-08T13:51:27","slug":"cancer-de-mama-o-seno","status":"publish","type":"page","link":"https:\/\/www.equilibrio-pully.ch\/es\/cancer-de-mama-o-seno\/","title":{"rendered":"c\u00e1ncer de seno"},"content":{"rendered":"\n<section class=\"wp-block-uagb-section uagb-section__wrap uagb-section__background-image uagb-block-acb05e1b\"><div class=\"uagb-section__overlay\"><\/div><div class=\"uagb-section__inner-wrap\">\n<div class=\"wp-block-uagb-advanced-heading uagb-block-f85b2de7\" id=\"uagb-adv-heading-271b994f-d6bd-4e15-8a80-8c2f84dae6fb\"><h1 class=\"uagb-heading-text\">c\u00e1ncer de seno<\/h1><\/div>\n<\/div><\/section>\n\n<section class=\"wp-block-uagb-section uagb-section__wrap uagb-section__background-color uagb-block-1b95bd8d\"><div class=\"uagb-section__overlay\"><\/div><div class=\"uagb-section__inner-wrap\">\n<section class=\"wp-block-uagb-section uagb-section__wrap uagb-section__background-color uagb-block-0c3f2966\"><div class=\"uagb-section__overlay\"><\/div><div class=\"uagb-section__inner-wrap\">\n<div class=\"wp-block-uagb-info-box uagb-block-d7ba87e6 uagb-infobox__content-wrap  uagb-infobox-icon-above-title uagb-infobox-image-valign-top text-center\"><div class=\"uagb-ifb-content\"><div class=\"uagb-ifb-title-wrap\"><h3 class=\"uagb-ifb-title\">El c\u00e1ncer de seno es el c\u00e1ncer m\u00e1s com\u00fan en las mujeres.<\/h3><\/div><div class=\"uagb-ifb-separator\"><\/div><p class=\"uagb-ifb-desc\">En Suiza, una de cada ocho mujeres se ve afectada a lo largo de su vida.<br\/>El c\u00e1ncer de mama y sus tratamientos pueden tener importantes repercusiones en el cuerpo, la movilidad y los tejidos, lo que afecta a la calidad de vida.<\/p><\/div><\/div>\n\n\n\n<p><\/p>\n<\/div><\/section>\n\n\n\n<div class=\"wp-block-columns has-2-columns is-layout-flex wp-container-core-columns-is-layout-28f84493 wp-block-columns-is-layout-flex\">\n<div class=\"wp-block-column is-layout-flow wp-block-column-is-layout-flow\">\n<h3 class=\"wp-block-heading\">Mi acompa\u00f1amiento<\/h3>\n\n\n\n<p>El c\u00e1ncer de mama es el eje central de mi pr\u00e1ctica.<\/p>\n\n\n\n<p>Llevo m\u00e1s de 15 a\u00f1os especializ\u00e1ndome en este campo y acompa\u00f1o a las pacientes en cada etapa de su proceso de atenci\u00f3n m\u00e9dica.<\/p>\n\n\n\n<p>Mi enfoque se centra en el trabajo tisular, la movilidad y la percepci\u00f3n corporal, en el tratamiento de los efectos secundarios de los tratamientos oncol\u00f3gicos y sus repercusiones funcionales.<\/p>\n\n\n\n<p>Este enfoque se basa en un diagn\u00f3stico fisioterap\u00e9utico fundamentado en un examen cl\u00ednico minucioso. Se lleva a cabo en estrecha colaboraci\u00f3n con los distintos profesionales que participan en el seguimiento de las pacientes. <\/p>\n<\/div>\n\n\n\n<div class=\"wp-block-column is-layout-flow wp-block-column-is-layout-flow\">\n<h3 class=\"wp-block-heading\">Objetivos del tratamiento<\/h3>\n\n\n\n<p>La atenci\u00f3n tiene como objetivo, entre otras cosas:<\/p>\n\n\n\n<ul class=\"wp-block-list\">\n<li>vigilar y tratar un posible s\u00edndrome de la web auxiliar (AWS)<\/li>\n\n\n\n<li>mejorar la movilidad tisular mediante t\u00e9cnicas manuales espec\u00edficas<\/li>\n\n\n\n<li>combinar el drenaje linf\u00e1tico manual con el trabajo de los tejidos<\/li>\n\n\n\n<li>aplicar, si es necesario, un vendaje compresivo multicomponente<\/li>\n\n\n\n<li>apoyar el tratamiento de las cicatrices (cirug\u00eda mamaria y reconstructiva)<\/li>\n\n\n\n<li>proponer ejercicios posturales y de estiramiento adecuados para realizar en casa<\/li>\n\n\n\n<li>trabajar en las restricciones neuromen\u00edngeas<\/li>\n\n\n\n<li>apoyar la fase de estabilizaci\u00f3n y mantenimiento<\/li>\n\n\n\n<li>incorporar t\u00e9cnicas de osteopat\u00eda tisular<\/li>\n<\/ul>\n<\/div>\n<\/div>\n\n\n\n<p>Equipos como el Huber y el Sensopro pueden utilizarse como ayudas terap\u00e9uticas para facilitar una recuperaci\u00f3n progresiva del movimiento general, de forma suave y segura.<\/p>\n\n\n\n<p>Esta etapa puede constituir, si as\u00ed se desea, una transici\u00f3n hacia una actividad m\u00e1s aut\u00f3noma o una posible integraci\u00f3n en grupo.<\/p>\n\n\n\n<h3 class=\"wp-block-heading\">Fotobiomodulaci\u00f3n (PBM)<\/h3>\n\n\n\n<p>Cuando est\u00e1 indicado y con autorizaci\u00f3n m\u00e9dica, tambi\u00e9n ofrezco fotobiomodulaci\u00f3n (PBM).<\/p>\n\n\n\n<p>Se trata de una t\u00e9cnica no invasiva que utiliza longitudes de onda espec\u00edficas (rojo o infrarrojo cercano), con el objetivo de favorecer los procesos de reparaci\u00f3n tisular, modular la inflamaci\u00f3n y contribuir al alivio del dolor.<\/p>\n\n\n\n<p>Se utiliza en determinadas complicaciones de los tratamientos oncol\u00f3gicos, como la mucositis, la radiodermitis, algunas neuropat\u00edas perif\u00e9ricas, as\u00ed como la sequedad de las mucosas \u2014especialmente la bucal y la vaginal\u2014 y los dolores asociados a los tratamientos.<\/p>\n\n\n\n<p>En algunos casos, se pueden proponer t<strong>\u00e9cnicas de hipnosis<\/strong> como complemento, con el fin de favorecer la comodidad y establecer otra forma de comunicaci\u00f3n con las pacientes.<\/p>\n\n\n\n<hr class=\"wp-block-separator has-css-opacity is-style-wide\"\/>\n\n\n\n<h4 class=\"wp-block-heading\">Cubierto por su seguro<\/h4>\n\n\n\n<p>Este tratamiento es reembolsado por la LAMal previa prescripci\u00f3n m\u00e9dica.<\/p>\n\n\n\n<hr class=\"wp-block-separator has-css-opacity is-style-wide\"\/>\n\n\n\n<div style=\"height:30px\" aria-hidden=\"true\" class=\"wp-block-spacer\"><\/div>\n\n\n\n<div class=\"wp-block-uagb-info-box uagb-block-a3bd0087 uagb-infobox__content-wrap  uagb-infobox-icon-above-title uagb-infobox-image-valign-top zoom uagb-infobox__outer-wrap\"><div class=\"uagb-ifb-content\"><div class=\"uagb-ifb-image-content\"><img decoding=\"async\" src=\"https:\/\/www.equilibrio-pully.ch\/wp-content\/uploads\/2024\/05\/photo_Diana-033-150x150.jpg\" alt=\"\" width=\"150\" height=\"150\" loading=\"lazy\"\/><\/div><div class=\"uagb-ifb-title-wrap\"><h4 class=\"uagb-ifb-title\">Diana D\u00e1vila<\/h4><\/div><\/div><\/div>\n<\/div><\/section>\n","protected":false},"excerpt":{"rendered":"","protected":false},"author":2,"featured_media":0,"parent":0,"menu_order":0,"comment_status":"closed","ping_status":"closed","template":"","meta":{"_uag_custom_page_level_css":"","site-sidebar-layout":"no-sidebar","site-content-layout":"page-builder","ast-site-content-layout":"full-width-container","site-content-style":"unboxed","site-sidebar-style":"unboxed","ast-global-header-display":"","ast-banner-title-visibility":"","ast-main-header-display":"","ast-hfb-above-header-display":"","ast-hfb-below-header-display":"","ast-hfb-mobile-header-display":"","site-post-title":"disabled","ast-breadcrumbs-content":"","ast-featured-img":"disabled","footer-sml-layout":"","ast-disable-related-posts":"","theme-transparent-header-meta":"enabled","adv-header-id-meta":"","stick-header-meta":"","header-above-stick-meta":"","header-main-stick-meta":"","header-below-stick-meta":"","astra-migrate-meta-layouts":"default","ast-page-background-enabled":"default","ast-page-background-meta":{"desktop":{"background-color":"","background-image":"","background-repeat":"repeat","background-position":"center center","background-size":"auto","background-attachment":"scroll","background-type":"","background-media":"","overlay-type":"","overlay-color":"","overlay-opacity":"","overlay-gradient":""},"tablet":{"background-color":"","background-image":"","background-repeat":"repeat","background-position":"center center","background-size":"auto","background-attachment":"scroll","background-type":"","background-media":"","overlay-type":"","overlay-color":"","overlay-opacity":"","overlay-gradient":""},"mobile":{"background-color":"","background-image":"","background-repeat":"repeat","background-position":"center center","background-size":"auto","background-attachment":"scroll","background-type":"","background-media":"","overlay-type":"","overlay-color":"","overlay-opacity":"","overlay-gradient":""}},"ast-content-background-meta":{"desktop":{"background-color":"var(--ast-global-color-5)","background-image":"","background-repeat":"repeat","background-position":"center center","background-size":"auto","background-attachment":"scroll","background-type":"","background-media":"","overlay-type":"","overlay-color":"","overlay-opacity":"","overlay-gradient":""},"tablet":{"background-color":"var(--ast-global-color-5)","background-image":"","background-repeat":"repeat","background-position":"center center","background-size":"auto","background-attachment":"scroll","background-type":"","background-media":"","overlay-type":"","overlay-color":"","overlay-opacity":"","overlay-gradient":""},"mobile":{"background-color":"var(--ast-global-color-5)","background-image":"","background-repeat":"repeat","background-position":"center center","background-size":"auto","background-attachment":"scroll","background-type":"","background-media":"","overlay-type":"","overlay-color":"","overlay-opacity":"","overlay-gradient":""}},"footnotes":""},"class_list":["post-1853","page","type-page","status-publish","hentry"],"uagb_featured_image_src":{"full":false,"thumbnail":false,"medium":false,"medium_large":false,"large":false,"1536x1536":false,"2048x2048":false},"uagb_author_info":{"display_name":"Diana D\u00e1vila","author_link":"https:\/\/www.equilibrio-pully.ch\/es\/author\/dianad\/"},"uagb_comment_info":0,"uagb_excerpt":null,"_links":{"self":[{"href":"https:\/\/www.equilibrio-pully.ch\/es\/wp-json\/wp\/v2\/pages\/1853","targetHints":{"allow":["GET"]}}],"collection":[{"href":"https:\/\/www.equilibrio-pully.ch\/es\/wp-json\/wp\/v2\/pages"}],"about":[{"href":"https:\/\/www.equilibrio-pully.ch\/es\/wp-json\/wp\/v2\/types\/page"}],"author":[{"embeddable":true,"href":"https:\/\/www.equilibrio-pully.ch\/es\/wp-json\/wp\/v2\/users\/2"}],"replies":[{"embeddable":true,"href":"https:\/\/www.equilibrio-pully.ch\/es\/wp-json\/wp\/v2\/comments?post=1853"}],"version-history":[{"count":5,"href":"https:\/\/www.equilibrio-pully.ch\/es\/wp-json\/wp\/v2\/pages\/1853\/revisions"}],"predecessor-version":[{"id":2604,"href":"https:\/\/www.equilibrio-pully.ch\/es\/wp-json\/wp\/v2\/pages\/1853\/revisions\/2604"}],"wp:attachment":[{"href":"https:\/\/www.equilibrio-pully.ch\/es\/wp-json\/wp\/v2\/media?parent=1853"}],"curies":[{"name":"wp","href":"https:\/\/api.w.org\/{rel}","templated":true}]}}