{"id":1851,"date":"2020-04-29T14:54:37","date_gmt":"2020-04-29T12:54:37","guid":{"rendered":"https:\/\/www.equilibrio-pully.ch\/?page_id=1851"},"modified":"2022-09-09T17:34:48","modified_gmt":"2022-09-09T15:34:48","slug":"drenaje-linfatico","status":"publish","type":"page","link":"https:\/\/www.equilibrio-pully.ch\/es\/drenaje-linfatico\/","title":{"rendered":"Drenaje linf\u00e1tico"},"content":{"rendered":"\n<section class=\"wp-block-uagb-section uagb-section__wrap uagb-section__background-image uagb-block-2f242c72\"><div class=\"uagb-section__overlay\"><\/div><div class=\"uagb-section__inner-wrap\">\n<div class=\"wp-block-uagb-advanced-heading uagb-block-dc081a20\" id=\"uagb-adv-heading-271b994f-d6bd-4e15-8a80-8c2f84dae6fb\"><h1 class=\"uagb-heading-text\">Drenaje linf\u00e1tico<\/h1><\/div>\n<\/div><\/section>\n\n\n\n<section class=\"wp-block-uagb-section uagb-section__wrap uagb-section__background-color uagb-block-81dbb2ea\"><div class=\"uagb-section__overlay\"><\/div><div class=\"uagb-section__inner-wrap\">\n<section class=\"wp-block-uagb-section uagb-section__wrap uagb-section__background-color uagb-block-a98733d5\"><div class=\"uagb-section__overlay\"><\/div><div class=\"uagb-section__inner-wrap\">\n<div class=\"wp-block-uagb-info-box uagb-block-022430bd uagb-infobox__content-wrap  uagb-infobox-icon-above-title uagb-infobox-image-valign-top text-center\"><div class=\"uagb-ifb-content\"><div class=\"uagb-ifb-title-wrap\"><h3 class=\"uagb-ifb-title\">Tratamiento f\u00edsico del edema<\/h3><\/div><div class=\"uagb-ifb-separator\"><\/div><p class=\"uagb-ifb-desc\"><br><br>El drenaje linf\u00e1tico manual es una medida terap\u00e9utica esencial en el tratamiento f\u00edsico del edema. El edema es una acumulaci\u00f3n de l\u00edquido en el entorno intersticial o celular. Esta terapia es reembolsada por un seguro de salud bajo prescripci\u00f3n m\u00e9dica.<\/p><\/div><\/div>\n\n\n\n<p><\/p>\n<\/div><\/section>\n\n\n\n<p>Las cuatro maniobras b\u00e1sicas del m\u00e9todo Vodder son circulares o espirales. Los movimientos de \u00e9stas maniobras&nbsp; son r\u00edtmicos, superficiales, descongestionantes y fueron dise\u00f1ados para trabajar sobre la piel seca, sin producto. Estas t\u00e9cnicas ahora se complementan con maniobras nuevas y actualizadas. Gracias a la Linfofluoroscopia, es posible visualizar los vasos linf\u00e1ticos, analizar la velocidad de la migraci\u00f3n linf\u00e1tica y orientar al fisioterapeuta en su tratamiento mediante drenaje linf\u00e1tico manual (DLM). Este examen m\u00ednimamente invasivo se lleva a cabo en el CHUV.<\/p>\n\n\n\n<p>Los objetivos del drenaje son:&nbsp;<\/p>\n\n\n\n<div class=\"wp-block-columns has-2-columns is-layout-flex wp-container-core-columns-is-layout-28f84493 wp-block-columns-is-layout-flex\">\n<div class=\"wp-block-column is-layout-flow wp-block-column-is-layout-flow\">\n<ul class=\"wp-block-list\"><li>Aumentar la capacidad de transporte, porque adem\u00e1s de su funci\u00f3n inmunol\u00f3gica, el sistema vascular linf\u00e1tico es la \u00fanica v\u00eda de regreso para las prote\u00ednas plasm\u00e1ticas y las prote\u00ednas t\u00f3xicas (vacunas, inyecciones, ung\u00fcentos, p\u00f3lenes o grasas) en la sangre (para luego ser desechadas por el sistema excretor).<\/li><\/ul>\n<\/div>\n\n\n\n<div class=\"wp-block-column is-layout-flow wp-block-column-is-layout-flow\">\n<ul class=\"wp-block-list\"><li>Prevenir la evoluci\u00f3n del linfoma en elefantiasis (irreversible).<\/li><li>Reducir el volumen de la extremidad afectada. El uso de vendajes puede ser necesario como medida complementaria.<\/li><\/ul>\n\n\n\n<p><\/p>\n<\/div>\n<\/div>\n\n\n\n<p>El Drenaje Linf\u00e1tico Manual es reembolsado por un seguro de salud LAMAL bajo prescripci\u00f3n m\u00e9dica y cumpliendo ciertos criterios m\u00e9dicos.<\/p>\n\n\n\n<p>Si usted viene sin orden m\u00e9dica el valor de cada sesi\u00f3n es de 120 CHF, reembolsados \u200b\u200bpor su seguro complementario (medicina natural, medicina alternativa). El precio de la primera sesi\u00f3n es de 135 CHF. Antes de la primera visita, es mejor&nbsp;que se informe con su compa\u00f1\u00eda de seguros.<\/p>\n\n\n\n<div style=\"height:60px\" aria-hidden=\"true\" class=\"wp-block-spacer\"><\/div>\n\n\n\n<div class=\"wp-block-columns is-layout-flex wp-container-core-columns-is-layout-28f84493 wp-block-columns-is-layout-flex\"><\/div>\n<\/div><\/section>\n","protected":false},"excerpt":{"rendered":"","protected":false},"author":3,"featured_media":0,"parent":0,"menu_order":0,"comment_status":"closed","ping_status":"closed","template":"","meta":{"_uag_custom_page_level_css":"","site-sidebar-layout":"no-sidebar","site-content-layout":"page-builder","ast-site-content-layout":"default","site-content-style":"default","site-sidebar-style":"default","ast-global-header-display":"","ast-banner-title-visibility":"","ast-main-header-display":"","ast-hfb-above-header-display":"","ast-hfb-below-header-display":"","ast-hfb-mobile-header-display":"","site-post-title":"disabled","ast-breadcrumbs-content":"","ast-featured-img":"disabled","footer-sml-layout":"","ast-disable-related-posts":"","theme-transparent-header-meta":"enabled","adv-header-id-meta":"","stick-header-meta":"","header-above-stick-meta":"","header-main-stick-meta":"","header-below-stick-meta":"","astra-migrate-meta-layouts":"default","ast-page-background-enabled":"default","ast-page-background-meta":{"desktop":{"background-color":"","background-image":"","background-repeat":"repeat","background-position":"center center","background-size":"auto","background-attachment":"scroll","background-type":"","background-media":"","overlay-type":"","overlay-color":"","overlay-opacity":"","overlay-gradient":""},"tablet":{"background-color":"","background-image":"","background-repeat":"repeat","background-position":"center center","background-size":"auto","background-attachment":"scroll","background-type":"","background-media":"","overlay-type":"","overlay-color":"","overlay-opacity":"","overlay-gradient":""},"mobile":{"background-color":"","background-image":"","background-repeat":"repeat","background-position":"center center","background-size":"auto","background-attachment":"scroll","background-type":"","background-media":"","overlay-type":"","overlay-color":"","overlay-opacity":"","overlay-gradient":""}},"ast-content-background-meta":{"desktop":{"background-color":"var(--ast-global-color-5)","background-image":"","background-repeat":"repeat","background-position":"center center","background-size":"auto","background-attachment":"scroll","background-type":"","background-media":"","overlay-type":"","overlay-color":"","overlay-opacity":"","overlay-gradient":""},"tablet":{"background-color":"var(--ast-global-color-5)","background-image":"","background-repeat":"repeat","background-position":"center center","background-size":"auto","background-attachment":"scroll","background-type":"","background-media":"","overlay-type":"","overlay-color":"","overlay-opacity":"","overlay-gradient":""},"mobile":{"background-color":"var(--ast-global-color-5)","background-image":"","background-repeat":"repeat","background-position":"center center","background-size":"auto","background-attachment":"scroll","background-type":"","background-media":"","overlay-type":"","overlay-color":"","overlay-opacity":"","overlay-gradient":""}},"footnotes":""},"class_list":["post-1851","page","type-page","status-publish","hentry"],"uagb_featured_image_src":{"full":false,"thumbnail":false,"medium":false,"medium_large":false,"large":false,"1536x1536":false,"2048x2048":false},"uagb_author_info":{"display_name":"Tim Ulrich","author_link":"https:\/\/www.equilibrio-pully.ch\/es\/author\/t-m-ulrich\/"},"uagb_comment_info":0,"uagb_excerpt":null,"_links":{"self":[{"href":"https:\/\/www.equilibrio-pully.ch\/es\/wp-json\/wp\/v2\/pages\/1851","targetHints":{"allow":["GET"]}}],"collection":[{"href":"https:\/\/www.equilibrio-pully.ch\/es\/wp-json\/wp\/v2\/pages"}],"about":[{"href":"https:\/\/www.equilibrio-pully.ch\/es\/wp-json\/wp\/v2\/types\/page"}],"author":[{"embeddable":true,"href":"https:\/\/www.equilibrio-pully.ch\/es\/wp-json\/wp\/v2\/users\/3"}],"replies":[{"embeddable":true,"href":"https:\/\/www.equilibrio-pully.ch\/es\/wp-json\/wp\/v2\/comments?post=1851"}],"version-history":[{"count":0,"href":"https:\/\/www.equilibrio-pully.ch\/es\/wp-json\/wp\/v2\/pages\/1851\/revisions"}],"wp:attachment":[{"href":"https:\/\/www.equilibrio-pully.ch\/es\/wp-json\/wp\/v2\/media?parent=1851"}],"curies":[{"name":"wp","href":"https:\/\/api.w.org\/{rel}","templated":true}]}}