{"id":1848,"date":"2020-04-29T13:57:01","date_gmt":"2020-04-29T11:57:01","guid":{"rendered":"https:\/\/www.equilibrio-pully.ch\/?page_id=1848"},"modified":"2026-05-08T19:40:16","modified_gmt":"2026-05-08T17:40:16","slug":"osteopatia","status":"publish","type":"page","link":"https:\/\/www.equilibrio-pully.ch\/es\/osteopatia\/","title":{"rendered":"Osteopat\u00eda"},"content":{"rendered":"\n<section class=\"wp-block-uagb-section uagb-section__wrap uagb-section__background-image uagb-block-df5335ef\"><div class=\"uagb-section__overlay\"><\/div><div class=\"uagb-section__inner-wrap\">\n<div class=\"wp-block-uagb-advanced-heading uagb-block-f39fc4f6\" id=\"uagb-adv-heading-271b994f-d6bd-4e15-8a80-8c2f84dae6fb\"><h1 class=\"uagb-heading-text\">Osteopat\u00eda<\/h1><\/div>\n<\/div><\/section>\n\n<section class=\"wp-block-uagb-section uagb-section__wrap uagb-section__background-color uagb-block-75e26f28\"><div class=\"uagb-section__overlay\"><\/div><div class=\"uagb-section__inner-wrap\">\n<section class=\"wp-block-uagb-section uagb-section__wrap uagb-section__background-color uagb-block-4c68dd97\"><div class=\"uagb-section__overlay\"><\/div><div class=\"uagb-section__inner-wrap\">\n<div class=\"wp-block-uagb-info-box uagb-block-1ab73cd0 uagb-infobox__content-wrap  uagb-infobox-icon-above-title uagb-infobox-image-valign-top text-center\"><div class=\"uagb-ifb-content\"><div class=\"uagb-ifb-title-wrap\"><h3 class=\"uagb-ifb-title\">un enfoque integral de la persona y en la interacci\u00f3n entre el cuerpo, el movimiento y el equilibrio de los distintos sistemas<\/h3><\/div><div class=\"uagb-ifb-separator\"><\/div><p class=\"uagb-ifb-desc\">La osteopat\u00eda fue fundada en 1874 por el Dr. Andrew Taylor Still.<br\/>Esta disciplina parte de la base de que el cuerpo posee una La funci\u00f3n del oste\u00f3pata es favorecer la recuperaci\u00f3n del movimiento de las estructuras con el fin de reforzar estas capacidades naturales y ayudar a la persona a alcanzar un mejor equilibrio funcional.<br\/>En este contexto, la osteopat\u00eda puede intervenir en el tratamiento de diversos trastornos, como los dolores de espalda, de la pelvis o de las extremidades, ciertos trastornos digestivos, la menstruaci\u00f3n dolorosa, as\u00ed como en beb\u00e9s y ni\u00f1os (c\u00f3licos, reflujo, otitis funcionales, etc.).<\/p><\/div><\/div>\n\n\n\n<p><\/p>\n<\/div><\/section>\n\n\n\n<div class=\"wp-block-columns has-2-columns is-layout-flex wp-container-core-columns-is-layout-28f84493 wp-block-columns-is-layout-flex\">\n<div class=\"wp-block-column is-layout-flow wp-block-column-is-layout-flow\">\n<h3 class=\"wp-block-heading\">Enfoque pr\u00e1ctico<\/h3>\n\n\n\n<p class=\"has-text-align-left\">Mi pr\u00e1ctica se ha enriquecido con el paso del tiempo gracias a diferentes enfoques, prestando especial atenci\u00f3n al enfoque tisular desarrollado por Pierre Tricot.<\/p>\n\n\n\n<p class=\"has-text-align-left\">Este enfoque pone de relieve la noci\u00f3n de movimiento y comunicaci\u00f3n de los tejidos vivos. Nos invita a desarrollar una presencia, una atenci\u00f3n y una intenci\u00f3n de calidad en el contacto manual, con el fin de entablar un di\u00e1logo respetuoso y no intrusivo con los tejidos.<\/p>\n\n\n\n<p class=\"has-text-align-left\">Esta faceta del trabajo osteop\u00e1tico, esencialmente no verbal, ocupa un lugar importante en mi pr\u00e1ctica.<\/p>\n<\/div>\n\n\n\n<div class=\"wp-block-column is-layout-flow wp-block-column-is-layout-flow\">\n<h3 class=\"wp-block-heading\">La t\u00e9cnica osteop\u00e1tica<\/h3>\n\n\n\n<p class=\"has-text-align-left\">La principal herramienta del oste\u00f3pata es la mano, gracias a su capacidad para percibir, guiar y ajustar el movimiento.<\/p>\n\n\n\n<p class=\"has-text-align-left\">El t\u00e9rmino \u00abmanipulaci\u00f3n\u00bb a veces se malinterpreta: se trata de un movimiento preciso, adaptado y respetuoso con los tejidos, que no debe ser ni brusco ni doloroso.<\/p>\n<\/div>\n<\/div>\n\n\n\n<hr class=\"wp-block-separator has-css-opacity is-style-wide\"\/>\n\n\n\n<h4 class=\"wp-block-heading\">Cubierto por su seguro<\/h4>\n\n\n\n<p>La osteopat\u00eda es una terapia de primera l\u00ednea que no requiere receta m\u00e9dica. La mayor\u00eda de los seguros complementarios la cubren, seg\u00fan las condiciones de cada contrato. Se recomienda que consulte las condiciones de reembolso con su seguro antes de la consulta.<\/p>\n\n\n\n<hr class=\"wp-block-separator has-css-opacity is-style-wide\"\/>\n\n\n\n<div style=\"height:30px\" aria-hidden=\"true\" class=\"wp-block-spacer\"><\/div>\n\n\n\n<div class=\"wp-block-uagb-info-box uagb-block-a3bd0087 uagb-infobox__content-wrap  uagb-infobox-icon-above-title uagb-infobox-image-valign-top zoom uagb-infobox__outer-wrap\"><div class=\"uagb-ifb-content\"><div class=\"uagb-ifb-image-content\"><img decoding=\"async\" src=\"https:\/\/www.equilibrio-pully.ch\/wp-content\/uploads\/2024\/05\/photo_Diana-033-150x150.jpg\" alt=\"\" width=\"150\" height=\"150\" loading=\"lazy\"\/><\/div><div class=\"uagb-ifb-title-wrap\"><h4 class=\"uagb-ifb-title\">Diana D\u00e1vila<\/h4><\/div><\/div><\/div>\n\n\n\n<section class=\"wp-block-uagb-section uagb-section__wrap uagb-section__background-color uagb-block-bd2a1a7e text-center\"><div class=\"uagb-section__overlay\"><\/div><div class=\"uagb-section__inner-wrap\"><\/div><\/section>\n<\/div><\/section>\n","protected":false},"excerpt":{"rendered":"","protected":false},"author":2,"featured_media":0,"parent":0,"menu_order":0,"comment_status":"closed","ping_status":"closed","template":"","meta":{"_uag_custom_page_level_css":"","site-sidebar-layout":"no-sidebar","site-content-layout":"page-builder","ast-site-content-layout":"full-width-container","site-content-style":"unboxed","site-sidebar-style":"unboxed","ast-global-header-display":"","ast-banner-title-visibility":"","ast-main-header-display":"","ast-hfb-above-header-display":"","ast-hfb-below-header-display":"","ast-hfb-mobile-header-display":"","site-post-title":"disabled","ast-breadcrumbs-content":"","ast-featured-img":"disabled","footer-sml-layout":"","ast-disable-related-posts":"","theme-transparent-header-meta":"enabled","adv-header-id-meta":"","stick-header-meta":"","header-above-stick-meta":"","header-main-stick-meta":"","header-below-stick-meta":"","astra-migrate-meta-layouts":"default","ast-page-background-enabled":"default","ast-page-background-meta":{"desktop":{"background-color":"","background-image":"","background-repeat":"repeat","background-position":"center center","background-size":"auto","background-attachment":"scroll","background-type":"","background-media":"","overlay-type":"","overlay-color":"","overlay-opacity":"","overlay-gradient":""},"tablet":{"background-color":"","background-image":"","background-repeat":"repeat","background-position":"center center","background-size":"auto","background-attachment":"scroll","background-type":"","background-media":"","overlay-type":"","overlay-color":"","overlay-opacity":"","overlay-gradient":""},"mobile":{"background-color":"","background-image":"","background-repeat":"repeat","background-position":"center center","background-size":"auto","background-attachment":"scroll","background-type":"","background-media":"","overlay-type":"","overlay-color":"","overlay-opacity":"","overlay-gradient":""}},"ast-content-background-meta":{"desktop":{"background-color":"var(--ast-global-color-5)","background-image":"","background-repeat":"repeat","background-position":"center center","background-size":"auto","background-attachment":"scroll","background-type":"","background-media":"","overlay-type":"","overlay-color":"","overlay-opacity":"","overlay-gradient":""},"tablet":{"background-color":"var(--ast-global-color-5)","background-image":"","background-repeat":"repeat","background-position":"center center","background-size":"auto","background-attachment":"scroll","background-type":"","background-media":"","overlay-type":"","overlay-color":"","overlay-opacity":"","overlay-gradient":""},"mobile":{"background-color":"var(--ast-global-color-5)","background-image":"","background-repeat":"repeat","background-position":"center center","background-size":"auto","background-attachment":"scroll","background-type":"","background-media":"","overlay-type":"","overlay-color":"","overlay-opacity":"","overlay-gradient":""}},"footnotes":""},"class_list":["post-1848","page","type-page","status-publish","hentry"],"uagb_featured_image_src":{"full":false,"thumbnail":false,"medium":false,"medium_large":false,"large":false,"1536x1536":false,"2048x2048":false},"uagb_author_info":{"display_name":"Diana D\u00e1vila","author_link":"https:\/\/www.equilibrio-pully.ch\/es\/author\/dianad\/"},"uagb_comment_info":0,"uagb_excerpt":null,"_links":{"self":[{"href":"https:\/\/www.equilibrio-pully.ch\/es\/wp-json\/wp\/v2\/pages\/1848","targetHints":{"allow":["GET"]}}],"collection":[{"href":"https:\/\/www.equilibrio-pully.ch\/es\/wp-json\/wp\/v2\/pages"}],"about":[{"href":"https:\/\/www.equilibrio-pully.ch\/es\/wp-json\/wp\/v2\/types\/page"}],"author":[{"embeddable":true,"href":"https:\/\/www.equilibrio-pully.ch\/es\/wp-json\/wp\/v2\/users\/2"}],"replies":[{"embeddable":true,"href":"https:\/\/www.equilibrio-pully.ch\/es\/wp-json\/wp\/v2\/comments?post=1848"}],"version-history":[{"count":5,"href":"https:\/\/www.equilibrio-pully.ch\/es\/wp-json\/wp\/v2\/pages\/1848\/revisions"}],"predecessor-version":[{"id":2615,"href":"https:\/\/www.equilibrio-pully.ch\/es\/wp-json\/wp\/v2\/pages\/1848\/revisions\/2615"}],"wp:attachment":[{"href":"https:\/\/www.equilibrio-pully.ch\/es\/wp-json\/wp\/v2\/media?parent=1848"}],"curies":[{"name":"wp","href":"https:\/\/api.w.org\/{rel}","templated":true}]}}