{"id":1846,"date":"2017-12-17T10:06:43","date_gmt":"2017-12-17T09:06:43","guid":{"rendered":"https:\/\/www.equilibrio-pully.ch\/?page_id=1846"},"modified":"2022-09-09T17:34:00","modified_gmt":"2022-09-09T15:34:00","slug":"fisioterapeutas","status":"publish","type":"page","link":"https:\/\/www.equilibrio-pully.ch\/es\/fisioterapeutas\/","title":{"rendered":"Nuestro Equipo"},"content":{"rendered":"\n<section class=\"wp-block-uagb-section uagb-section__wrap uagb-section__background-image uagb-block-6d381cb4\"><div class=\"uagb-section__overlay\"><\/div><div class=\"uagb-section__inner-wrap\">\n<div class=\"wp-block-uagb-advanced-heading uagb-block-2a6d6e75\" id=\"uagb-adv-heading-271b994f-d6bd-4e15-8a80-8c2f84dae6fb\"><h1 class=\"uagb-heading-text\">Nuestro Equipo<\/h1><\/div>\n<\/div><\/section>\n\n\n\n<section class=\"wp-block-uagb-section uagb-section__wrap uagb-section__background-color uagb-block-b8274ef2\"><div class=\"uagb-section__overlay\"><\/div><div class=\"uagb-section__inner-wrap\">\n<section class=\"wp-block-uagb-section uagb-section__wrap uagb-section__background-undefined uagb-block-9532a1fd\"><div class=\"uagb-section__overlay\"><\/div><div class=\"uagb-section__inner-wrap\">\n<div class=\"wp-container-3 wp-block-columns has-3-columns\">\n<div class=\"wp-container-1 wp-block-column\">\n<section class=\"wp-block-uagb-section uagb-section__wrap uagb-section__background-color uagb-block-df13f7a2 text-center\"><div class=\"uagb-section__overlay\"><\/div><div class=\"uagb-section__inner-wrap\">\n<div class=\"wp-block-uagb-info-box uagb-block-69c7eb52 uagb-infobox__content-wrap  uagb-infobox-icon-above-title uagb-infobox-image-valign-top zoom\"><div class=\"uagb-ifb-content\"><div class=\"uagb-ifb-image-content\"><img src=\"https:\/\/www.equilibrio-pully.ch\/wp-content\/uploads\/2020\/04\/diana-davila-300x300.jpg\" alt=\"\"\/><\/div><div class=\"uagb-ifb-title-wrap\"><h4 class=\"uagb-ifb-title\">Diana D\u00e1vila <\/h4><\/div><div class=\"uagb-ifb-separator\"><\/div><p class=\"uagb-ifb-desc\">Responsable del consultorio<\/p><\/div><\/div>\n\n\n\n<p>Responsable del consultorio de Fisioterapia y Osteopat\u00eda <strong>Equilibrio-Pully, <\/strong>ubicado en Ruta de Vevey 58 1009 Pully.<\/p>\n\n\n\n<p>Fisioterapeuta Graduada de la UCE (Universidad Central del Ecuador) en 1995, en Quito (Ecuador), con reconocimiento de la Cruz Roja Suiza. Miembro de ASPI (Asociaci\u00f3n Suiza de Fisioterapeutas Independientes).<\/p>\n\n\n\n<p>Oste\u00f3pata Graduada PHYO &nbsp;(Fisioterapia Osteopat\u00eda). Se gradu\u00f3 en 1999,&nbsp; certificaci\u00f3n CDS (Conferencia de Directores Cantonales de Salud) en 2011 y Miembro de&nbsp; OSTEOSWISS.<\/p>\n\n\n\n<p style=\"text-align: center;\"><span class=\"collapseomatic noarrow\" id=\"id69e88c74797e9\"  tabindex=\"0\" title=\"- Saber m\u00e1s -\"    >- Saber m\u00e1s -<\/span><span id='swap-id69e88c74797e9'  class='colomat-swap' style='display:none;'>- Saber menos -<\/span><div id=\"target-id69e88c74797e9\" class=\"collapseomatic_content \">\n<p>Especializada en el Sistema Linf\u00e1tico en 1998 y miembro de LYMPHOSUISSE y de la RLS (Red Lausana del seno).<\/p>\n<p>Especializada en Pelviperineolog\u00eda (15 cr\u00e9ditos ECTS UNIL Lausanne Suiza) en 2005 y Miembro de ASPUG (Asociaci\u00f3n Suiza de Fisioterapeutas Especializados en Urolog\u00eda, Ginecolog\u00eda y Sexolog\u00eda).<\/p>\n<p>Graduada en Naturopat\u00eda en la ECN (Escuela de Naturopat\u00eda de Ginebra) en 2016.<\/p>\n<p>CAS en Acompa\u00f1amiento Espiritual (10 cr\u00e9ditos ECTS UNINE Facultad de Teolog\u00eda Neuch\u00e2tel) en 2014.<\/p>\n<p>Capacitaci\u00f3n en el enfoque sist\u00e9mico de la funci\u00f3n de apoyo en la relaci\u00f3n terapeuta-paciente. (Requisito: pasant\u00eda de desarrollo personal de antemano). Go\u2019Elan, Paris 2015.<\/p>\n<p>Instructora de Pilates Matwork en 2008<\/p>\n<p><img loading=\"lazy\" class=\"wp-image-2137 aligncenter\" src=\"https:\/\/www.equilibrio-pully.ch\/wp-content\/uploads\/2020\/11\/Logo-Rose-Pilates-300x262.jpg\" alt=\"\" width=\"135\" height=\"118\" srcset=\"https:\/\/www.equilibrio-pully.ch\/wp-content\/uploads\/2020\/11\/Logo-Rose-Pilates-300x262.jpg 300w, https:\/\/www.equilibrio-pully.ch\/wp-content\/uploads\/2020\/11\/Logo-Rose-Pilates-1024x895.jpg 1024w, https:\/\/www.equilibrio-pully.ch\/wp-content\/uploads\/2020\/11\/Logo-Rose-Pilates-768x672.jpg 768w, https:\/\/www.equilibrio-pully.ch\/wp-content\/uploads\/2020\/11\/Logo-Rose-Pilates-1536x1343.jpg 1536w, https:\/\/www.equilibrio-pully.ch\/wp-content\/uploads\/2020\/11\/Logo-Rose-Pilates-2048x1791.jpg 2048w\" sizes=\"(max-width: 135px) 100vw, 135px\" \/><\/p>\n<p>Certificaci\u00f3n ASCA y RME.<\/p>\n<\/div>\n<\/div><\/section>\n<\/div>\n\n\n\n<div class=\"wp-container-2 wp-block-column\">\n<section class=\"wp-block-uagb-section uagb-section__wrap uagb-section__background-color uagb-block-a7160118 text-center\"><div class=\"uagb-section__overlay\"><\/div><div class=\"uagb-section__inner-wrap\">\n<div class=\"wp-block-uagb-info-box uagb-block-00a1c38f uagb-infobox__content-wrap  uagb-infobox-icon-above-title uagb-infobox-image-valign-top zoom\"><div class=\"uagb-ifb-content\"><div class=\"uagb-ifb-image-content\"><img src=\"https:\/\/www.equilibrio-pully.ch\/wp-content\/uploads\/2020\/04\/milvia-gilbert-velasquez-1-300x300.jpg\" alt=\"\"\/><\/div><div class=\"uagb-ifb-title-wrap\"><h4 class=\"uagb-ifb-title\"> Milvia Gilbert  <\/h4><\/div><div class=\"uagb-ifb-separator\"><\/div><p class=\"uagb-ifb-desc\">Secretaria recepcionista<\/p><\/div><\/div>\n\n\n\n<p>Formaci\u00f3n de Secretaria&nbsp; Comercial en el Instituto Americano (Guatemala 1990)<\/p>\n\n\n\n<p>Formaci\u00f3n en la Cruz Roja &nbsp;Suiza en el acompa\u00f1amiento de las personas al final de vida (2013 &#8211; 2015)<\/p>\n\n\n\n<p>Formaci\u00f3n en asistencia y cuidado de ni\u00f1os desde sus primeros d\u00edas de vida. (2018)&nbsp; FORMABILIS Le-Mont-sur-Lausanne, Suiza.<\/p>\n\n\n\n<p style=\"text-align: center;\"><span class=\"collapseomatic noarrow\" id=\"id69e88c7479830\"  tabindex=\"0\" title=\"- Saber m\u00e1s -\"    >- Saber m\u00e1s -<\/span><span id='swap-id69e88c7479830'  class='colomat-swap' style='display:none;'>- Saber menos -<\/span><div id=\"target-id69e88c7479830\" class=\"collapseomatic_content \">\n<p>Ser\u00e1 un placer para Milvia darles la bienvenida personalmente o por tel\u00e9fono, as\u00ed como tambi\u00e9n estar\u00e1 gustosa de ayudarle con su ni\u00f1o \/ beb\u00e9 mientras dure su terapia.<\/p>\n<\/div>\n<\/div><\/section>\n<\/div>\n<\/div>\n\n\n\n<div style=\"height:50px\" aria-hidden=\"true\" class=\"wp-block-spacer\"><\/div>\n<\/div><\/section>\n<\/div><\/section>\n","protected":false},"excerpt":{"rendered":"","protected":false},"author":1,"featured_media":0,"parent":0,"menu_order":0,"comment_status":"closed","ping_status":"closed","template":"","meta":{"site-sidebar-layout":"no-sidebar","site-content-layout":"page-builder","ast-global-header-display":"","ast-main-header-display":"","ast-hfb-above-header-display":"","ast-hfb-below-header-display":"","ast-hfb-mobile-header-display":"","site-post-title":"disabled","ast-breadcrumbs-content":"","ast-featured-img":"disabled","footer-sml-layout":"","theme-transparent-header-meta":"enabled","adv-header-id-meta":"","stick-header-meta":"","header-above-stick-meta":"","header-main-stick-meta":"","header-below-stick-meta":""},"uagb_featured_image_src":{"full":false,"thumbnail":false,"medium":false,"medium_large":false,"large":false,"1536x1536":false,"2048x2048":false},"uagb_author_info":{"display_name":"OGSweb","author_link":"https:\/\/www.equilibrio-pully.ch\/es\/author\/ogsweb\/"},"uagb_comment_info":0,"uagb_excerpt":null,"_links":{"self":[{"href":"https:\/\/www.equilibrio-pully.ch\/es\/wp-json\/wp\/v2\/pages\/1846"}],"collection":[{"href":"https:\/\/www.equilibrio-pully.ch\/es\/wp-json\/wp\/v2\/pages"}],"about":[{"href":"https:\/\/www.equilibrio-pully.ch\/es\/wp-json\/wp\/v2\/types\/page"}],"author":[{"embeddable":true,"href":"https:\/\/www.equilibrio-pully.ch\/es\/wp-json\/wp\/v2\/users\/1"}],"replies":[{"embeddable":true,"href":"https:\/\/www.equilibrio-pully.ch\/es\/wp-json\/wp\/v2\/comments?post=1846"}],"version-history":[{"count":5,"href":"https:\/\/www.equilibrio-pully.ch\/es\/wp-json\/wp\/v2\/pages\/1846\/revisions"}],"predecessor-version":[{"id":2283,"href":"https:\/\/www.equilibrio-pully.ch\/es\/wp-json\/wp\/v2\/pages\/1846\/revisions\/2283"}],"wp:attachment":[{"href":"https:\/\/www.equilibrio-pully.ch\/es\/wp-json\/wp\/v2\/media?parent=1846"}],"curies":[{"name":"wp","href":"https:\/\/api.w.org\/{rel}","templated":true}]}}